{"id":3870,"date":"2023-01-10T12:35:36","date_gmt":"2023-01-10T12:35:36","guid":{"rendered":"https:\/\/bitoviaggi.com\/about-us\/"},"modified":"2023-06-06T12:38:00","modified_gmt":"2023-06-06T12:38:00","slug":"about-us","status":"publish","type":"page","link":"https:\/\/www.bitoviaggi.com\/de\/about-us\/","title":{"rendered":"\u00dcber Uns"},"content":{"rendered":"<p><div class=\"fusion-fullwidth fullwidth-box fusion-builder-row-1 fusion-flex-container has-pattern-background has-mask-background nonhundred-percent-fullwidth non-hundred-percent-height-scrolling\" style=\"--awb-border-radius-top-left:0px;--awb-border-radius-top-right:0px;--awb-border-radius-bottom-right:0px;--awb-border-radius-bottom-left:0px;--awb-margin-top:80px;--awb-margin-bottom:80px;--awb-margin-top-small:50px;\" ><div class=\"fusion-builder-row fusion-row fusion-flex-align-items-flex-start\" style=\"max-width:1414.4px;margin-left: calc(-4% \/ 2 );margin-right: calc(-4% \/ 2 );\"><div class=\"fusion-layout-column fusion_builder_column fusion-builder-column-0 fusion_builder_column_2_5 2_5 fusion-flex-column fusion-flex-align-self-center fusion-no-small-visibility\" style=\"--awb-bg-repeat:repeat-x;--awb-width-large:40%;--awb-spacing-right-large:4.8%;--awb-margin-bottom-large:0px;--awb-spacing-left-large:4.8%;--awb-width-medium:40%;--awb-order-medium:0;--awb-spacing-right-medium:4.8%;--awb-spacing-left-medium:4.8%;--awb-width-small:100%;--awb-order-small:0;--awb-spacing-right-small:1.92%;--awb-spacing-left-small:1.92%;\"><div class=\"fusion-column-wrapper fusion-column-has-shadow fusion-flex-justify-content-flex-start fusion-content-layout-column\"><div class=\"fusion-image-element \" style=\"--awb-aspect-ratio: 100 \/ 68;--awb-object-position:50% 47%;\"><span class=\" fusion-imageframe imageframe-none imageframe-1 hover-type-none has-aspect-ratio\" style=\"border-radius:16px;\"><img decoding=\"async\" width=\"1080\" height=\"721\" title=\"group-friends-meeting-city-center\" src=\"https:\/\/www.bitoviaggi.com\/wp-content\/uploads\/2023\/01\/group-friends-meeting-city-center.jpg\" data-orig-src=\"http:\/\/bitoviaggi.com\/wp-content\/uploads\/2023\/01\/group-friends-meeting-city-center.jpg\" class=\"lazyload img-responsive wp-image-2680 img-with-aspect-ratio\" alt srcset=\"data:image\/svg+xml,%3Csvg%20xmlns%3D%27http%3A%2F%2Fwww.w3.org%2F2000%2Fsvg%27%20width%3D%271080%27%20height%3D%27721%27%20viewBox%3D%270%200%201080%20721%27%3E%3Crect%20width%3D%271080%27%20height%3D%27721%27%20fill-opacity%3D%220%22%2F%3E%3C%2Fsvg%3E\" data-srcset=\"https:\/\/www.bitoviaggi.com\/wp-content\/uploads\/2023\/01\/group-friends-meeting-city-center-200x134.jpg 200w, https:\/\/www.bitoviaggi.com\/wp-content\/uploads\/2023\/01\/group-friends-meeting-city-center-400x267.jpg 400w, https:\/\/www.bitoviaggi.com\/wp-content\/uploads\/2023\/01\/group-friends-meeting-city-center-600x401.jpg 600w, https:\/\/www.bitoviaggi.com\/wp-content\/uploads\/2023\/01\/group-friends-meeting-city-center-800x534.jpg 800w, https:\/\/www.bitoviaggi.com\/wp-content\/uploads\/2023\/01\/group-friends-meeting-city-center.jpg 1080w\" data-sizes=\"auto\" data-orig-sizes=\"(max-width: 800px) 100vw, 600px\" \/><\/span><\/div><\/div><\/div><div class=\"fusion-layout-column fusion_builder_column fusion-builder-column-1 fusion_builder_column_3_5 3_5 fusion-flex-column fusion-flex-align-self-center\" style=\"--awb-bg-size:cover;--awb-width-large:60%;--awb-spacing-right-large:3.2%;--awb-margin-bottom-large:0px;--awb-spacing-left-large:3.2%;--awb-width-medium:60%;--awb-order-medium:0;--awb-spacing-right-medium:3.2%;--awb-spacing-left-medium:3.2%;--awb-width-small:100%;--awb-order-small:0;--awb-spacing-right-small:1.92%;--awb-spacing-left-small:1.92%;\"><div class=\"fusion-column-wrapper fusion-column-has-shadow fusion-flex-justify-content-center fusion-content-layout-column\"><div ><a class=\"fusion-button button-flat fusion-button-default-size button-custom fusion-button-default button-1 fusion-button-default-span fusion-button-default-type\" style=\"--button_accent_color:hsla(calc(var(--awb-color4-h) + 46),var(--awb-color4-s),calc(var(--awb-color4-l) - 18%),var(--awb-color4-a));--button_border_color:var(--awb-color4);--button_accent_hover_color:hsla(calc(var(--awb-color4-h) + 46),var(--awb-color4-s),calc(var(--awb-color4-l) - 18%),var(--awb-color4-a));--button_border_hover_color:var(--awb-color4);--button_gradient_top_color:hsla(calc(var(--awb-color4-h) + 46),var(--awb-color4-s),calc(var(--awb-color4-l) - 18%),calc(var(--awb-color4-a) - 85%));--button_gradient_bottom_color:hsla(calc(var(--awb-color4-h) + 46),var(--awb-color4-s),calc(var(--awb-color4-l) - 18%),calc(var(--awb-color4-a) - 85%));--button_gradient_top_color_hover:hsla(calc(var(--awb-color4-h) + 46),var(--awb-color4-s),calc(var(--awb-color4-l) - 18%),calc(var(--awb-color4-a) - 85%));--button_gradient_bottom_color_hover:hsla(calc(var(--awb-color4-h) + 46),var(--awb-color4-s),calc(var(--awb-color4-l) - 18%),calc(var(--awb-color4-a) - 85%));--button_text_transform:var(--awb-typography5-text-transform);--button_font_size:var(--awb-typography5-font-size);--button_line_height:var(--awb-typography5-line-height);--button_padding-top:8px;--button_padding-right:20px;--button_padding-bottom:8px;--button_padding-left:20px;--button_typography-letter-spacing:var(--awb-typography5-letter-spacing);--button_typography-font-family:var(--awb-typography5-font-family);--button_typography-font-weight:var(--awb-typography5-font-weight);--button_typography-font-style:var(--awb-typography5-font-style);\" target=\"_self\"><span class=\"fusion-button-text\">Wer wir sind<\/span><\/a><\/div><div class=\"fusion-title title fusion-title-1 fusion-sep-none fusion-title-text fusion-title-size-three\" style=\"--awb-margin-top:25px;--awb-margin-bottom:25px;--awb-margin-top-small:20px;--awb-margin-bottom-small:20px;\"><h3 class=\"title-heading-left\" style=\"margin:0;\"><p>Unterst\u00fctzung von Gruppenreisen seit 1978!<\/p>\n<div id=\"gtx-trans\" style=\"position: absolute; left: -26px; top: -9.78819px;\">\n<div class=\"gtx-trans-icon\"><\/div>\n<\/div><\/h3><\/div><div class=\"fusion-text fusion-text-1\"><p><span style=\"font-weight: 400;\">Bito Viaggi wurde 1978 als Agentur gegr\u00fcndet, die sich auf Gruppenreisen zur Entdeckung Liguriens und der C\u00f4te d&#8217;Azur spezialisiert hat und zahlreiche Angebote f\u00fcr jede Art von Kunden bereith\u00e4lt.<\/span><\/p>\n<p><span style=\"font-weight: 400;\">Denn nur wer in einer Region geboren wurde und sein ganzes Leben dort verbracht hat, kennt sie in ihrer Gesamtheit und kann eine Entdeckungsreise anbieten, die das Land den G\u00e4sten durch die vielen Erlebnisse vorstellen kann. Vom Essen und Trinken bis hin zum Besuch der typischsten D\u00f6rfer und St\u00e4dte im Landesinneren werden die Kunden von der Sch\u00f6nheit und Einzigartigkeit der Gegend begeistert sein.<\/span><\/p>\n<\/div><\/div><\/div><\/div><\/div><div class=\"fusion-fullwidth fullwidth-box fusion-builder-row-2 fusion-flex-container has-pattern-background has-mask-background nonhundred-percent-fullwidth non-hundred-percent-height-scrolling\" style=\"--awb-border-radius-top-left:0px;--awb-border-radius-top-right:0px;--awb-border-radius-bottom-right:0px;--awb-border-radius-bottom-left:0px;--awb-margin-top:80px;--awb-margin-bottom:80px;--awb-margin-top-small:50px;\" ><div class=\"fusion-builder-row fusion-row fusion-flex-align-items-center\" style=\"max-width:1414.4px;margin-left: calc(-4% \/ 2 );margin-right: calc(-4% \/ 2 );\"><div class=\"fusion-layout-column fusion_builder_column fusion-builder-column-2 fusion_builder_column_3_5 3_5 fusion-flex-column fusion-flex-align-self-center\" style=\"--awb-bg-size:cover;--awb-width-large:60%;--awb-spacing-right-large:3.2%;--awb-margin-bottom-large:0px;--awb-spacing-left-large:3.2%;--awb-width-medium:60%;--awb-order-medium:0;--awb-spacing-right-medium:3.2%;--awb-spacing-left-medium:3.2%;--awb-width-small:100%;--awb-order-small:0;--awb-spacing-right-small:1.92%;--awb-spacing-left-small:1.92%;\"><div class=\"fusion-column-wrapper fusion-column-has-shadow fusion-flex-justify-content-center fusion-content-layout-column\"><div ><a class=\"fusion-button button-flat fusion-button-default-size button-custom fusion-button-default button-2 fusion-button-default-span fusion-button-default-type\" style=\"--button_accent_color:hsla(calc(var(--awb-color5-h) + 46),var(--awb-color5-s),calc(var(--awb-color5-l) - 18%),var(--awb-color5-a));--button_border_color:var(--awb-color5);--button_accent_hover_color:hsla(calc(var(--awb-color5-h) + 46),var(--awb-color5-s),calc(var(--awb-color5-l) - 18%),var(--awb-color5-a));--button_border_hover_color:var(--awb-color5);--button_gradient_top_color:hsla(calc(var(--awb-color5-h) + 46),var(--awb-color5-s),calc(var(--awb-color5-l) - 18%),calc(var(--awb-color5-a) - 85%));--button_gradient_bottom_color:hsla(calc(var(--awb-color5-h) + 46),var(--awb-color5-s),calc(var(--awb-color5-l) - 18%),calc(var(--awb-color5-a) - 85%));--button_gradient_top_color_hover:hsla(calc(var(--awb-color5-h) + 46),var(--awb-color5-s),calc(var(--awb-color5-l) - 18%),calc(var(--awb-color5-a) - 85%));--button_gradient_bottom_color_hover:hsla(calc(var(--awb-color5-h) + 46),var(--awb-color5-s),calc(var(--awb-color5-l) - 18%),calc(var(--awb-color5-a) - 85%));--button_text_transform:var(--awb-typography5-text-transform);--button_font_size:var(--awb-typography5-font-size);--button_line_height:var(--awb-typography5-line-height);--button_padding-top:8px;--button_padding-right:20px;--button_padding-bottom:8px;--button_padding-left:20px;--button_typography-letter-spacing:var(--awb-typography5-letter-spacing);--button_typography-font-family:var(--awb-typography5-font-family);--button_typography-font-weight:var(--awb-typography5-font-weight);--button_typography-font-style:var(--awb-typography5-font-style);\" target=\"_self\"><span class=\"fusion-button-text\">Warum sollten Sie uns w\u00e4hlen<\/span><\/a><\/div><div class=\"fusion-title title fusion-title-2 fusion-sep-none fusion-title-text fusion-title-size-three\" style=\"--awb-margin-top:25px;--awb-margin-bottom:25px;--awb-margin-top-small:20px;--awb-margin-bottom-small:20px;\"><h3 class=\"title-heading-left\" style=\"margin:0;\">Garantiert beste Reiseerlebnisse!<\/h3><\/div><div class=\"fusion-text fusion-text-2\"><p><span style=\"font-weight: 400;\">Wir richten uns an Agenturen und alle Fachleute des Tourismussektors, die ihren Einzelkunden oder Gruppen das Beste vorschlagen wollen, was unsere sch\u00f6ne Region und die benachbarte C\u00f4te d&#8217;Azur ihren Besuchern zu bieten haben. <\/span><span style=\"font-weight: 400;\">Dank unserer langj\u00e4hrigen Erfahrung unterst\u00fctzen wir Sie bei der Organisation Ihrer Gruppen und garantieren Ihnen ein Ma\u00df an Sicherheit und Wissen, das andere Generalisten nicht bieten k\u00f6nnen.<\/span><\/p>\n<\/div><\/div><\/div><div class=\"fusion-layout-column fusion_builder_column fusion-builder-column-3 fusion_builder_column_2_5 2_5 fusion-flex-column fusion-flex-align-self-center fusion-no-small-visibility\" style=\"--awb-bg-repeat:repeat-x;--awb-width-large:40%;--awb-spacing-right-large:4.8%;--awb-margin-bottom-large:0px;--awb-spacing-left-large:4.8%;--awb-width-medium:40%;--awb-order-medium:0;--awb-spacing-right-medium:4.8%;--awb-spacing-left-medium:4.8%;--awb-width-small:100%;--awb-order-small:0;--awb-spacing-right-small:1.92%;--awb-spacing-left-small:1.92%;\"><div class=\"fusion-column-wrapper fusion-column-has-shadow fusion-flex-justify-content-flex-start fusion-content-layout-column\"><div class=\"fusion-image-element \" style=\"--awb-aspect-ratio: 100 \/ 68;--awb-object-position:50% 47%;\"><span class=\" fusion-imageframe imageframe-none imageframe-2 hover-type-none has-aspect-ratio\" style=\"border-radius:16px;\"><img decoding=\"async\" width=\"1080\" height=\"720\" title=\"overlooking-nice-provence-alpes-cote-d-azur-fran\" src=\"https:\/\/www.bitoviaggi.com\/wp-content\/uploads\/2023\/01\/overlooking-nice-provence-alpes-cote-d-azur-fran.jpg\" data-orig-src=\"http:\/\/bitoviaggi.com\/wp-content\/uploads\/2023\/01\/overlooking-nice-provence-alpes-cote-d-azur-fran.jpg\" class=\"lazyload img-responsive wp-image-2683 img-with-aspect-ratio\" alt srcset=\"data:image\/svg+xml,%3Csvg%20xmlns%3D%27http%3A%2F%2Fwww.w3.org%2F2000%2Fsvg%27%20width%3D%271080%27%20height%3D%27720%27%20viewBox%3D%270%200%201080%20720%27%3E%3Crect%20width%3D%271080%27%20height%3D%27720%27%20fill-opacity%3D%220%22%2F%3E%3C%2Fsvg%3E\" data-srcset=\"https:\/\/www.bitoviaggi.com\/wp-content\/uploads\/2023\/01\/overlooking-nice-provence-alpes-cote-d-azur-fran-200x133.jpg 200w, https:\/\/www.bitoviaggi.com\/wp-content\/uploads\/2023\/01\/overlooking-nice-provence-alpes-cote-d-azur-fran-400x267.jpg 400w, https:\/\/www.bitoviaggi.com\/wp-content\/uploads\/2023\/01\/overlooking-nice-provence-alpes-cote-d-azur-fran-600x400.jpg 600w, https:\/\/www.bitoviaggi.com\/wp-content\/uploads\/2023\/01\/overlooking-nice-provence-alpes-cote-d-azur-fran-800x533.jpg 800w, https:\/\/www.bitoviaggi.com\/wp-content\/uploads\/2023\/01\/overlooking-nice-provence-alpes-cote-d-azur-fran.jpg 1080w\" data-sizes=\"auto\" data-orig-sizes=\"(max-width: 800px) 100vw, 600px\" \/><\/span><\/div><\/div><\/div><\/div><\/div><div class=\"fusion-fullwidth fullwidth-box fusion-builder-row-3 fusion-flex-container has-pattern-background has-mask-background nonhundred-percent-fullwidth non-hundred-percent-height-scrolling\" style=\"--awb-border-radius-top-left:0px;--awb-border-radius-top-right:0px;--awb-border-radius-bottom-right:0px;--awb-border-radius-bottom-left:0px;--awb-margin-top:80px;--awb-margin-bottom:120px;--awb-margin-top-small:50px;\" ><div class=\"fusion-builder-row fusion-row fusion-flex-align-items-flex-start\" style=\"max-width:1414.4px;margin-left: calc(-4% \/ 2 );margin-right: calc(-4% \/ 2 );\"><div class=\"fusion-layout-column fusion_builder_column fusion-builder-column-4 fusion_builder_column_2_5 2_5 fusion-flex-column fusion-flex-align-self-center fusion-no-small-visibility\" style=\"--awb-bg-repeat:repeat-x;--awb-width-large:40%;--awb-spacing-right-large:4.8%;--awb-margin-bottom-large:0px;--awb-spacing-left-large:4.8%;--awb-width-medium:40%;--awb-order-medium:0;--awb-spacing-right-medium:4.8%;--awb-spacing-left-medium:4.8%;--awb-width-small:100%;--awb-order-small:0;--awb-spacing-right-small:1.92%;--awb-spacing-left-small:1.92%;\"><div class=\"fusion-column-wrapper fusion-column-has-shadow fusion-flex-justify-content-flex-start fusion-content-layout-column\"><div class=\"fusion-image-element \" style=\"--awb-aspect-ratio: 100 \/ 68;--awb-object-position:50% 47%;\"><span class=\" fusion-imageframe imageframe-none imageframe-3 hover-type-none has-aspect-ratio\" style=\"border-radius:16px;\"><img decoding=\"async\" width=\"1080\" height=\"600\" title=\"panorama-of-nice-city-cote-d-azur-france\" src=\"https:\/\/www.bitoviaggi.com\/wp-content\/uploads\/2023\/01\/panorama-of-nice-city-cote-d-azur-france.jpg\" data-orig-src=\"http:\/\/bitoviaggi.com\/wp-content\/uploads\/2023\/01\/panorama-of-nice-city-cote-d-azur-france.jpg\" class=\"lazyload img-responsive wp-image-2686 img-with-aspect-ratio\" alt srcset=\"data:image\/svg+xml,%3Csvg%20xmlns%3D%27http%3A%2F%2Fwww.w3.org%2F2000%2Fsvg%27%20width%3D%271080%27%20height%3D%27600%27%20viewBox%3D%270%200%201080%20600%27%3E%3Crect%20width%3D%271080%27%20height%3D%27600%27%20fill-opacity%3D%220%22%2F%3E%3C%2Fsvg%3E\" data-srcset=\"https:\/\/www.bitoviaggi.com\/wp-content\/uploads\/2023\/01\/panorama-of-nice-city-cote-d-azur-france-200x111.jpg 200w, https:\/\/www.bitoviaggi.com\/wp-content\/uploads\/2023\/01\/panorama-of-nice-city-cote-d-azur-france-400x222.jpg 400w, https:\/\/www.bitoviaggi.com\/wp-content\/uploads\/2023\/01\/panorama-of-nice-city-cote-d-azur-france-600x333.jpg 600w, https:\/\/www.bitoviaggi.com\/wp-content\/uploads\/2023\/01\/panorama-of-nice-city-cote-d-azur-france-800x444.jpg 800w, https:\/\/www.bitoviaggi.com\/wp-content\/uploads\/2023\/01\/panorama-of-nice-city-cote-d-azur-france.jpg 1080w\" data-sizes=\"auto\" data-orig-sizes=\"(max-width: 800px) 100vw, 600px\" \/><\/span><\/div><\/div><\/div><div class=\"fusion-layout-column fusion_builder_column fusion-builder-column-5 fusion_builder_column_3_5 3_5 fusion-flex-column fusion-flex-align-self-center\" style=\"--awb-bg-size:cover;--awb-width-large:60%;--awb-spacing-right-large:3.2%;--awb-margin-bottom-large:0px;--awb-spacing-left-large:3.2%;--awb-width-medium:60%;--awb-order-medium:0;--awb-spacing-right-medium:3.2%;--awb-spacing-left-medium:3.2%;--awb-width-small:100%;--awb-order-small:0;--awb-spacing-right-small:1.92%;--awb-spacing-left-small:1.92%;\"><div class=\"fusion-column-wrapper fusion-column-has-shadow fusion-flex-justify-content-center fusion-content-layout-column\"><div ><a class=\"fusion-button button-flat fusion-button-default-size button-custom fusion-button-default button-3 fusion-button-default-span fusion-button-default-type\" style=\"--button_accent_color:hsla(calc(var(--awb-color4-h) + 46),var(--awb-color4-s),calc(var(--awb-color4-l) - 18%),var(--awb-color4-a));--button_border_color:var(--awb-color4);--button_accent_hover_color:hsla(calc(var(--awb-color4-h) + 46),var(--awb-color4-s),calc(var(--awb-color4-l) - 18%),var(--awb-color4-a));--button_border_hover_color:var(--awb-color4);--button_gradient_top_color:hsla(calc(var(--awb-color4-h) + 46),var(--awb-color4-s),calc(var(--awb-color4-l) - 18%),calc(var(--awb-color4-a) - 85%));--button_gradient_bottom_color:hsla(calc(var(--awb-color4-h) + 46),var(--awb-color4-s),calc(var(--awb-color4-l) - 18%),calc(var(--awb-color4-a) - 85%));--button_gradient_top_color_hover:hsla(calc(var(--awb-color4-h) + 46),var(--awb-color4-s),calc(var(--awb-color4-l) - 18%),calc(var(--awb-color4-a) - 85%));--button_gradient_bottom_color_hover:hsla(calc(var(--awb-color4-h) + 46),var(--awb-color4-s),calc(var(--awb-color4-l) - 18%),calc(var(--awb-color4-a) - 85%));--button_text_transform:var(--awb-typography5-text-transform);--button_font_size:var(--awb-typography5-font-size);--button_line_height:var(--awb-typography5-line-height);--button_padding-top:8px;--button_padding-right:20px;--button_padding-bottom:8px;--button_padding-left:20px;--button_typography-letter-spacing:var(--awb-typography5-letter-spacing);--button_typography-font-family:var(--awb-typography5-font-family);--button_typography-font-weight:var(--awb-typography5-font-weight);--button_typography-font-style:var(--awb-typography5-font-style);\" target=\"_self\"><span class=\"fusion-button-text\">Unsere Vorschl\u00e4ge<\/span><\/a><\/div><div class=\"fusion-title title fusion-title-3 fusion-sep-none fusion-title-text fusion-title-size-three\" style=\"--awb-margin-top:25px;--awb-margin-bottom:25px;--awb-margin-top-small:20px;--awb-margin-bottom-small:20px;\"><h3 class=\"title-heading-left\" style=\"margin:0;\">Ihre Reiseroute &#8211; Ihr Weg!<\/h3><\/div><div class=\"fusion-text fusion-text-3\"><p><span style=\"font-weight: 400;\">Wir haben f\u00fcr Sie die besten Vorschl\u00e4ge und Reisewege ausgew\u00e4hlt, die unser Gebiet f\u00fcr Tagesausfl\u00fcge oder mehrt\u00e4gige Pauschalreisen bieten kann. Die Wege und Ziele sind nur einige der vielen Aktivit\u00e4ten und Erlebnisse, die unser Gebiet und das benachbarte Frankreich bieten k\u00f6nnen. Jeder Vorschlag kann auf Ihre Bed\u00fcrfnisse und Ihren Zeitplan abgestimmt werden, so dass jede Reise einzigartig wird.<\/span><\/p>\n<p><span style=\"font-weight: 400;\">Kontaktieren Sie uns unverbindlich f\u00fcr Ihre Anfragen. Wir werden daf\u00fcr sorgen, dass die Reise bei Ihren Kunden bleibt.<\/span><\/p>\n<\/div><\/div><\/div><\/div><\/div><div class=\"fusion-fullwidth fullwidth-box fusion-builder-row-4 fusion-flex-container hundred-percent-fullwidth non-hundred-percent-height-scrolling\" style=\"--awb-border-radius-top-left:0px;--awb-border-radius-top-right:0px;--awb-border-radius-bottom-right:0px;--awb-border-radius-bottom-left:0px;--awb-padding-right:0px;--awb-padding-left:0px;--awb-margin-top:50px;\" ><div class=\"fusion-builder-row fusion-row fusion-flex-align-items-flex-start\" style=\"width:calc( 100% + 0px ) !important;max-width:calc( 100% + 0px ) !important;margin-left: calc(-0px \/ 2 );margin-right: calc(-0px \/ 2 );\"><div class=\"fusion-layout-column fusion_builder_column fusion-builder-column-6 fusion_builder_column_1_1 1_1 fusion-flex-column\" style=\"--awb-bg-size:cover;--awb-width-large:100%;--awb-spacing-right-large:0px;--awb-margin-bottom-large:0px;--awb-spacing-left-large:0px;--awb-width-medium:100%;--awb-order-medium:0;--awb-spacing-right-medium:0px;--awb-spacing-left-medium:0px;--awb-width-small:100%;--awb-order-small:0;--awb-spacing-right-small:0px;--awb-spacing-left-small:0px;\"><div class=\"fusion-column-wrapper fusion-column-has-shadow fusion-flex-justify-content-flex-start fusion-content-layout-column\"><div class=\"fusion-separator fusion-full-width-sep\" style=\"align-self: center;margin-left: auto;margin-right: auto;margin-top:10px;width:100%;\"><div class=\"fusion-separator-border sep-single sep-dashed\" style=\"border-color:hsla(calc(var(--awb-color4-h) + 46),var(--awb-color4-s),calc(var(--awb-color4-l) - 18%),var(--awb-color4-a));border-top-width:1px;\"><\/div><\/div><\/div><\/div><\/div><\/div><div class=\"fusion-fullwidth fullwidth-box fusion-builder-row-5 fusion-flex-container nonhundred-percent-fullwidth non-hundred-percent-height-scrolling\" style=\"--link_hover_color: var(--awb-color4);--link_color: var(--awb-color1);--awb-border-radius-top-left:0px;--awb-border-radius-top-right:0px;--awb-border-radius-bottom-right:0px;--awb-border-radius-bottom-left:0px;\" ><div class=\"fusion-builder-row fusion-row fusion-flex-align-items-flex-start fusion-flex-justify-content-center\" style=\"max-width:1414.4px;margin-left: calc(-4% \/ 2 );margin-right: calc(-4% \/ 2 );\"><div class=\"fusion-layout-column fusion_builder_column fusion-builder-column-7 fusion_builder_column_5_6 5_6 fusion-flex-column\" style=\"--awb-padding-top:60px;--awb-padding-right:40px;--awb-padding-bottom:80px;--awb-padding-left:40px;--awb-padding-right-small:40px;--awb-padding-left-small:40px;--awb-overflow:hidden;--awb-bg-color:hsla(calc(var(--awb-custom_color_1-h) - 2),calc(var(--awb-custom_color_1-s) - 20%),calc(var(--awb-custom_color_1-l) + 5%),var(--awb-custom_color_1-a));--awb-bg-size:cover;--awb-box-shadow:0px 5px 20px 5px hsla(var(--awb-color8-h),var(--awb-color8-s),var(--awb-color8-l),calc(var(--awb-color8-a) - 75%));;--awb-border-radius:12px 12px 12px 12px;--awb-width-large:83.333333333333%;--awb-margin-top-large:-60px;--awb-spacing-right-large:2.304%;--awb-margin-bottom-large:0px;--awb-spacing-left-large:2.304%;--awb-width-medium:83.333333333333%;--awb-order-medium:0;--awb-spacing-right-medium:2.304%;--awb-spacing-left-medium:2.304%;--awb-width-small:100%;--awb-order-small:0;--awb-spacing-right-small:1.92%;--awb-spacing-left-small:1.92%;\"><div class=\"fusion-column-wrapper lazyload fusion-column-has-shadow fusion-flex-justify-content-flex-start fusion-content-layout-column\" data-bg-url=\"http:\/\/bitoviaggi.com\/wp-content\/uploads\/2022\/06\/call-experts-bg-3.png\" data-bg=\"http:\/\/bitoviaggi.com\/wp-content\/uploads\/2022\/06\/call-experts-bg-3.png\"><div class=\"fusion-text fusion-text-4 fusion-text-no-margin\" style=\"--awb-content-alignment:center;--awb-font-size:38px;--awb-line-height:1.4;--awb-text-transform:capitalize;--awb-text-color:var(--awb-color1);--awb-margin-bottom:5px;\"><p>M\u00f6chten Sie Eine Tour Bei Uns Buchen?<\/p>\n<\/div><div class=\"fusion-title title fusion-title-4 fusion-sep-none fusion-title-center fusion-title-text fusion-title-size-three\" style=\"--awb-text-color:var(--awb-color1);\"><h3 class=\"title-heading-center\" style=\"margin:0;\"><span style=\"font-weight: 400;\">(+39) 0184 448294 <\/span> or <u><a href=\"https:\/\/bitoviaggi.com\/de\/contact\/\">Kontakt aufnehmen<\/a><\/u><\/p>\n<div id=\"gtx-trans\" style=\"position: absolute; left: 160px; top: 36.9896px;\">\n<div class=\"gtx-trans-icon\"><\/div>\n<\/div><\/h3><\/div><\/div><\/div><\/div><\/div><\/p>\n","protected":false},"excerpt":{"rendered":"","protected":false},"author":1,"featured_media":0,"parent":0,"menu_order":0,"comment_status":"closed","ping_status":"closed","template":"100-width.php","meta":[],"_links":{"self":[{"href":"https:\/\/www.bitoviaggi.com\/de\/wp-json\/wp\/v2\/pages\/3870"}],"collection":[{"href":"https:\/\/www.bitoviaggi.com\/de\/wp-json\/wp\/v2\/pages"}],"about":[{"href":"https:\/\/www.bitoviaggi.com\/de\/wp-json\/wp\/v2\/types\/page"}],"author":[{"embeddable":true,"href":"https:\/\/www.bitoviaggi.com\/de\/wp-json\/wp\/v2\/users\/1"}],"replies":[{"embeddable":true,"href":"https:\/\/www.bitoviaggi.com\/de\/wp-json\/wp\/v2\/comments?post=3870"}],"version-history":[{"count":6,"href":"https:\/\/www.bitoviaggi.com\/de\/wp-json\/wp\/v2\/pages\/3870\/revisions"}],"predecessor-version":[{"id":4139,"href":"https:\/\/www.bitoviaggi.com\/de\/wp-json\/wp\/v2\/pages\/3870\/revisions\/4139"}],"wp:attachment":[{"href":"https:\/\/www.bitoviaggi.com\/de\/wp-json\/wp\/v2\/media?parent=3870"}],"curies":[{"name":"wp","href":"https:\/\/api.w.org\/{rel}","templated":true}]}}