{"id":3062,"date":"2023-03-19T06:40:05","date_gmt":"2023-03-19T06:40:05","guid":{"rendered":"https:\/\/bitoviaggi.com\/product\/short-break-in-riviera-dei-fiori-english-gb\/"},"modified":"2023-06-04T07:51:49","modified_gmt":"2023-06-04T07:51:49","slug":"short-break-in-riviera-dei-fiori","status":"publish","type":"product","link":"https:\/\/www.bitoviaggi.com\/fr\/product\/short-break-in-riviera-dei-fiori\/","title":{"rendered":"Court s\u00e9jour sur la Riviera des fleurs"},"content":{"rendered":"<div class=\"fusion-fullwidth fullwidth-box fusion-builder-row-1 fusion-flex-container has-pattern-background has-mask-background fusion-parallax-none nonhundred-percent-fullwidth non-hundred-percent-height-scrolling lazyload\" style=\"--awb-background-position:left top;--awb-background-repeat:repeat;--awb-border-radius-top-left:0px;--awb-border-radius-top-right:0px;--awb-border-radius-bottom-right:0px;--awb-border-radius-bottom-left:0px;--awb-padding-top:80px;--awb-padding-right:80px;--awb-padding-bottom:80px;--awb-padding-left:80px;--awb-margin-top:0px;--awb-margin-bottom:120px;--awb-background-color:hsla(var(--awb-custom_color_3-h),var(--awb-custom_color_3-s),var(--awb-custom_color_3-l),calc(var(--awb-custom_color_3-a) - 90%));\" data-bg=\"http:\/\/bitoviaggi.com\/wp-content\/uploads\/2022\/06\/search-form-bg-2.png\" ><div class=\"fusion-builder-row fusion-row fusion-flex-align-items-flex-start fusion-flex-justify-content-center\" style=\"max-width:1414.4px;margin-left: calc(-4% \/ 2 );margin-right: calc(-4% \/ 2 );\"><div class=\"fusion-layout-column fusion_builder_column fusion-builder-column-0 fusion_builder_column_1_1 1_1 fusion-flex-column\" style=\"--awb-bg-size:cover;--awb-width-large:100%;--awb-spacing-right-large:1.92%;--awb-spacing-left-large:1.92%;--awb-width-medium:100%;--awb-order-medium:0;--awb-spacing-right-medium:1.92%;--awb-spacing-left-medium:1.92%;--awb-width-small:100%;--awb-order-small:0;--awb-spacing-right-small:1.92%;--awb-spacing-left-small:1.92%;\"><div class=\"fusion-column-wrapper fusion-column-has-shadow fusion-flex-justify-content-flex-start fusion-content-layout-column\"><div class=\"fusion-title title fusion-title-1 fusion-sep-none fusion-title-center fusion-title-text fusion-title-size-two\"><h2 class=\"title-heading-center\" style=\"margin:0;\">Plans d\u00e9taill\u00e9s \u00e0 la journ\u00e9e<\/h2><\/div><\/div><\/div><div class=\"fusion-layout-column fusion_builder_column fusion-builder-column-1 fusion_builder_column_1_1 1_1 fusion-flex-column\" style=\"--awb-padding-top:20px;--awb-padding-right:40px;--awb-padding-left:40px;--awb-overflow:hidden;--awb-bg-color:var(--awb-color1);--awb-bg-size:cover;--awb-box-shadow:0px 4px 5px 0px hsla(var(--awb-color8-h),var(--awb-color8-s),var(--awb-color8-l),calc(var(--awb-color8-a) - 90%));;--awb-border-radius:16px 16px 16px 16px;--awb-width-large:100%;--awb-spacing-right-large:1.92%;--awb-spacing-left-large:1.92%;--awb-width-medium:100%;--awb-order-medium:0;--awb-spacing-right-medium:1.92%;--awb-spacing-left-medium:1.92%;--awb-width-small:100%;--awb-order-small:0;--awb-spacing-right-small:1.92%;--awb-spacing-left-small:1.92%;\"><div class=\"fusion-column-wrapper fusion-column-has-shadow fusion-flex-justify-content-flex-start fusion-content-layout-column\"><div class=\"fusion-title title fusion-title-2 fusion-sep-none fusion-title-text fusion-title-size-four\" style=\"--awb-text-color:#94c968;\"><h4 class=\"title-heading-left\" style=\"margin:0;\"><div style=\"text-align: left;\"><span style=\"font-weight: 400;\">Jour 1 : arriv\u00e9e et accueil<\/span><\/div><\/h4><\/div><div class=\"fusion-builder-row fusion-builder-row-inner fusion-row fusion-flex-align-items-flex-start fusion-flex-justify-content-center\" style=\"width:104% !important;max-width:104% !important;margin-left: calc(-4% \/ 2 );margin-right: calc(-4% \/ 2 );\"><div class=\"fusion-layout-column fusion_builder_column_inner fusion-builder-nested-column-0 fusion_builder_column_inner_1_1 1_1 fusion-flex-column\" style=\"--awb-bg-size:cover;--awb-width-large:100%;--awb-spacing-right-large:1.92%;--awb-spacing-left-large:1.92%;--awb-width-medium:100%;--awb-order-medium:0;--awb-spacing-right-medium:1.92%;--awb-spacing-left-medium:1.92%;--awb-width-small:100%;--awb-order-small:0;--awb-spacing-right-small:1.92%;--awb-spacing-left-small:1.92%;\"><div class=\"fusion-column-wrapper fusion-column-has-shadow fusion-flex-justify-content-flex-start fusion-content-layout-column\"><\/div><\/div><\/div><div class=\"fusion-text fusion-text-1\"><p style=\"text-align: left;\"><span style=\"font-weight: 400;\">Arriv\u00e9e \u00e0 l&rsquo;h\u00f4tel \u00e0 <\/span><b>Sanremo <\/b><span style=\"font-weight: 400;\">ou dans les environs, enregistrement. D\u00eener et nuit<\/span>.<\/p>\n<\/div><div class=\"fusion-separator fusion-full-width-sep\" style=\"align-self: center;margin-left: auto;margin-right: auto;margin-bottom:16px;width:100%;\"><div class=\"fusion-separator-border sep-double sep-dashed\" style=\"border-color:var(--awb-custom_color_3);border-top-width:1px;border-bottom-width:1px;\"><\/div><\/div><\/div><\/div><div class=\"fusion-layout-column fusion_builder_column fusion-builder-column-2 fusion_builder_column_1_1 1_1 fusion-flex-column\" style=\"--awb-padding-top:20px;--awb-padding-right:40px;--awb-padding-left:40px;--awb-overflow:hidden;--awb-bg-color:var(--awb-color1);--awb-bg-size:cover;--awb-box-shadow:0px 4px 5px 0px hsla(var(--awb-color8-h),var(--awb-color8-s),var(--awb-color8-l),calc(var(--awb-color8-a) - 90%));;--awb-border-radius:16px 16px 16px 16px;--awb-width-large:100%;--awb-spacing-right-large:1.92%;--awb-spacing-left-large:1.92%;--awb-width-medium:100%;--awb-order-medium:0;--awb-spacing-right-medium:1.92%;--awb-spacing-left-medium:1.92%;--awb-width-small:100%;--awb-order-small:0;--awb-spacing-right-small:1.92%;--awb-spacing-left-small:1.92%;\"><div class=\"fusion-column-wrapper fusion-column-has-shadow fusion-flex-justify-content-flex-start fusion-content-layout-column\"><div class=\"fusion-title title fusion-title-3 fusion-sep-none fusion-title-text fusion-title-size-four\" style=\"--awb-text-color:#94c968;\"><h4 class=\"title-heading-left\" style=\"margin:0;\"><span style=\"font-weight: 400;\">Jour 2 : excursion d&rsquo;une journ\u00e9e \u00e0 la d\u00e9couverte de Sanremo et Dolceacqua<\/span><\/h4><\/div><div class=\"fusion-separator fusion-full-width-sep\" style=\"align-self: center;margin-left: auto;margin-right: auto;margin-bottom:16px;width:100%;\"><div class=\"fusion-separator-border sep-double sep-dashed\" style=\"border-color:var(--awb-custom_color_3);border-top-width:1px;border-bottom-width:1px;\"><\/div><\/div><div class=\"fusion-builder-row fusion-builder-row-inner fusion-row fusion-flex-align-items-flex-start fusion-flex-justify-content-center\" style=\"width:104% !important;max-width:104% !important;margin-left: calc(-4% \/ 2 );margin-right: calc(-4% \/ 2 );\"><div class=\"fusion-layout-column fusion_builder_column_inner fusion-builder-nested-column-1 fusion_builder_column_inner_2_3 2_3 fusion-flex-column fusion-flex-align-self-center\" style=\"--awb-bg-size:cover;--awb-width-large:66.666666666667%;--awb-spacing-right-large:2.88%;--awb-spacing-left-large:2.88%;--awb-width-medium:66.666666666667%;--awb-order-medium:0;--awb-spacing-right-medium:2.88%;--awb-spacing-left-medium:2.88%;--awb-width-small:100%;--awb-order-small:0;--awb-spacing-right-small:1.92%;--awb-spacing-left-small:1.92%;\"><div class=\"fusion-column-wrapper fusion-column-has-shadow fusion-flex-justify-content-flex-start fusion-content-layout-column\"><div class=\"fusion-text fusion-text-2\"><p>Petit-d\u00e9jeuner \u00e0 l&rsquo;h\u00f4tel, rendez-vous avec le guide. Matin\u00e9e consacr\u00e9e \u00e0 la visite de la vieille ville de Sanremo : La Pigna, l&rsquo;\u00e9glise russe et le Casino. Possibilit\u00e9 de visiter le march\u00e9 les mardis et samedis. L&rsquo;apr\u00e8s-midi, on continue en bus le long de la Via Aurelia vers l&rsquo;arri\u00e8re-pays. Le long de la route c\u00f4ti\u00e8re et \u00e0 travers les villages de Ospedaletti et Bordighera, nous atteignons Dolceacqua, un ancien village m\u00e9di\u00e9val datant du 12e si\u00e8cle, c\u00e9l\u00e8bre dans le monde entier pour son ch\u00e2teau Doria et son pont en bosses d\u2019origine romaine. Possibilit\u00e9 de visiter une cave o\u00f9 est produit le c\u00e9l\u00e8bre vin Rossese di Dolceacqua et de d\u00e9guster du vin et des produits locaux typiques (cr\u00e8me d&rsquo;artichaut, cr\u00e8me d&rsquo;olive, tomates s\u00e9ch\u00e9es, etc.). A la fin, continuation en bus jusqu&rsquo;\u00e0 l&rsquo;h\u00f4tel. D\u00eener et nuit.<\/p>\n<\/div><\/div><\/div><div class=\"fusion-layout-column fusion_builder_column_inner fusion-builder-nested-column-2 fusion_builder_column_inner_1_3 1_3 fusion-flex-column fusion-flex-align-self-center\" style=\"--awb-overflow:hidden;--awb-bg-size:cover;--awb-border-radius:8px 8px 8px 8px;--awb-width-large:33.333333333333%;--awb-spacing-right-large:5.76%;--awb-spacing-left-large:5.76%;--awb-width-medium:33.333333333333%;--awb-order-medium:0;--awb-spacing-right-medium:5.76%;--awb-spacing-left-medium:5.76%;--awb-width-small:100%;--awb-order-small:0;--awb-spacing-right-small:1.92%;--awb-spacing-left-small:1.92%;\"><div class=\"fusion-column-wrapper fusion-column-has-shadow fusion-flex-justify-content-flex-start fusion-content-layout-column\"><div class=\"fusion-image-element \"><span class=\" fusion-imageframe imageframe-none imageframe-1 hover-type-none\"><img decoding=\"async\" width=\"660\" height=\"368\" title=\"image2\" src=\"https:\/\/www.bitoviaggi.com\/wp-content\/uploads\/2023\/03\/image2.jpg\" data-orig-src=\"http:\/\/bitoviaggi.com\/wp-content\/uploads\/2023\/03\/image2.jpg\" alt class=\"lazyload img-responsive wp-image-3018\" srcset=\"data:image\/svg+xml,%3Csvg%20xmlns%3D%27http%3A%2F%2Fwww.w3.org%2F2000%2Fsvg%27%20width%3D%27660%27%20height%3D%27368%27%20viewBox%3D%270%200%20660%20368%27%3E%3Crect%20width%3D%27660%27%20height%3D%27368%27%20fill-opacity%3D%220%22%2F%3E%3C%2Fsvg%3E\" data-srcset=\"https:\/\/www.bitoviaggi.com\/wp-content\/uploads\/2023\/03\/image2-200x112.jpg 200w, https:\/\/www.bitoviaggi.com\/wp-content\/uploads\/2023\/03\/image2-400x223.jpg 400w, https:\/\/www.bitoviaggi.com\/wp-content\/uploads\/2023\/03\/image2-600x335.jpg 600w, https:\/\/www.bitoviaggi.com\/wp-content\/uploads\/2023\/03\/image2.jpg 660w\" data-sizes=\"auto\" data-orig-sizes=\"(max-width: 800px) 100vw, 600px\" \/><\/span><\/div><\/div><\/div><\/div><\/div><\/div><div class=\"fusion-layout-column fusion_builder_column fusion-builder-column-3 fusion_builder_column_1_1 1_1 fusion-flex-column\" style=\"--awb-padding-top:20px;--awb-padding-right:40px;--awb-padding-left:40px;--awb-overflow:hidden;--awb-bg-color:var(--awb-color1);--awb-bg-size:cover;--awb-box-shadow:0px 4px 5px 0px hsla(var(--awb-color8-h),var(--awb-color8-s),var(--awb-color8-l),calc(var(--awb-color8-a) - 90%));;--awb-border-radius:16px 16px 16px 16px;--awb-width-large:100%;--awb-spacing-right-large:1.92%;--awb-spacing-left-large:1.92%;--awb-width-medium:100%;--awb-order-medium:0;--awb-spacing-right-medium:1.92%;--awb-spacing-left-medium:1.92%;--awb-width-small:100%;--awb-order-small:0;--awb-spacing-right-small:1.92%;--awb-spacing-left-small:1.92%;\"><div class=\"fusion-column-wrapper fusion-column-has-shadow fusion-flex-justify-content-flex-start fusion-content-layout-column\"><div class=\"fusion-title title fusion-title-4 fusion-sep-none fusion-title-text fusion-title-size-four\" style=\"--awb-text-color:#94c968;\"><h4 class=\"title-heading-left\" style=\"margin:0;\"><span style=\"font-weight: 400;\">Jour 3 : excursion d&rsquo;une journ\u00e9e \u00e0 la d\u00e9couverte de Finalborgo et Noli, class\u00e9s parmi les \u00a0\u00bb Borghi pi\u00f9 belli d&rsquo;Italia \u00a0\u00bb (les plus beaux villages d&rsquo;Italie).<\/span><\/h4><\/div><div class=\"fusion-separator fusion-full-width-sep\" style=\"align-self: center;margin-left: auto;margin-right: auto;margin-bottom:16px;width:100%;\"><div class=\"fusion-separator-border sep-double sep-dashed\" style=\"border-color:var(--awb-custom_color_3);border-top-width:1px;border-bottom-width:1px;\"><\/div><\/div><div class=\"fusion-builder-row fusion-builder-row-inner fusion-row fusion-flex-align-items-flex-start fusion-flex-justify-content-center\" style=\"width:104% !important;max-width:104% !important;margin-left: calc(-4% \/ 2 );margin-right: calc(-4% \/ 2 );\"><div class=\"fusion-layout-column fusion_builder_column_inner fusion-builder-nested-column-3 fusion_builder_column_inner_2_3 2_3 fusion-flex-column fusion-flex-align-self-center\" style=\"--awb-bg-size:cover;--awb-width-large:66.666666666667%;--awb-spacing-right-large:2.88%;--awb-spacing-left-large:2.88%;--awb-width-medium:66.666666666667%;--awb-order-medium:0;--awb-spacing-right-medium:2.88%;--awb-spacing-left-medium:2.88%;--awb-width-small:100%;--awb-order-small:0;--awb-spacing-right-small:1.92%;--awb-spacing-left-small:1.92%;\"><div class=\"fusion-column-wrapper fusion-column-has-shadow fusion-flex-justify-content-flex-start fusion-content-layout-column\"><div class=\"fusion-text fusion-text-3\"><p><span style=\"font-weight: 400;\">Petit-d\u00e9jeuner \u00e0 l&rsquo;h\u00f4tel, rendez-vous avec le guide et d\u00e9part en bus pour <\/span><b>Finalborgo, <\/b><span style=\"font-weight: 400;\">un<\/span> <span style=\"font-weight: 400;\">hameau de la commune de Finale Ligure \u00e0 quelques kilom\u00e8tres de la c\u00f4te, class\u00e9 parmi les \u00ab\u00a0Plus beaux villages d&rsquo;Italie\u00a0\u00bb. Visite du village fond\u00e9 en 1100, c\u00e9l\u00e8bre pour l&rsquo;excellent \u00e9tat de conservation de ses murs, de ses \u00e9glises et de ses palais du XVe si\u00e8cle. Les portes caract\u00e9ristiques en ardoise sont tr\u00e8s belles. Parmi les monuments, citons le couvent de Santa Caterina, la basilique de San Biagio et le th\u00e9\u00e2tre Aicardi.\u00a0 Dans les ruelles de la ville se trouvent de petites boutiques et des ateliers d&rsquo;artisanat o\u00f9 vous pourrez trouver des produits locaux typiques. On continue en bus jusqu&rsquo;\u00e0 <\/span><b>Noli<\/b><span style=\"font-weight: 400;\">, un village de bord de mer situ\u00e9 dans une baie abrit\u00e9e. Il fait \u00e9galement partie des \u00ab\u00a0Plus beaux villages d&rsquo;Italie\u00a0\u00bb. L&rsquo;itin\u00e9raire se d\u00e9roule dans son centre historique m\u00e9di\u00e9val tr\u00e8s bien conserv\u00e9, qui garde les traces d&rsquo;une histoire importante avec la Porta Piazza, le Palais et la Tour de la Municipalit\u00e8, la Loge de la R\u00e9publique, les tours et les maisons m\u00e9di\u00e9vales, la cath\u00e9drale Saint-Pierre, la petite Place de l\u2019Ev\u00each\u00e9, le ch\u00e2teau et l&rsquo;\u00e9glise de Saint Paragorio. A la fin de la visite, retour en bus \u00e0 l&rsquo;h\u00f4tel. D\u00eener et nuit.<\/span><\/p>\n<\/div><\/div><\/div><div class=\"fusion-layout-column fusion_builder_column_inner fusion-builder-nested-column-4 fusion_builder_column_inner_1_3 1_3 fusion-flex-column fusion-flex-align-self-center\" style=\"--awb-overflow:hidden;--awb-bg-size:cover;--awb-border-radius:8px 8px 8px 8px;--awb-width-large:33.333333333333%;--awb-spacing-right-large:5.76%;--awb-spacing-left-large:5.76%;--awb-width-medium:33.333333333333%;--awb-order-medium:0;--awb-spacing-right-medium:5.76%;--awb-spacing-left-medium:5.76%;--awb-width-small:100%;--awb-order-small:0;--awb-spacing-right-small:1.92%;--awb-spacing-left-small:1.92%;\"><div class=\"fusion-column-wrapper fusion-column-has-shadow fusion-flex-justify-content-flex-start fusion-content-layout-column\"><div class=\"fusion-image-element \"><span class=\" fusion-imageframe imageframe-none imageframe-2 hover-type-none\"><img decoding=\"async\" width=\"850\" height=\"567\" title=\"image1\" src=\"https:\/\/www.bitoviaggi.com\/wp-content\/uploads\/2023\/03\/image1.jpg\" data-orig-src=\"http:\/\/bitoviaggi.com\/wp-content\/uploads\/2023\/03\/image1.jpg\" alt class=\"lazyload img-responsive wp-image-3022\" srcset=\"data:image\/svg+xml,%3Csvg%20xmlns%3D%27http%3A%2F%2Fwww.w3.org%2F2000%2Fsvg%27%20width%3D%27850%27%20height%3D%27567%27%20viewBox%3D%270%200%20850%20567%27%3E%3Crect%20width%3D%27850%27%20height%3D%27567%27%20fill-opacity%3D%220%22%2F%3E%3C%2Fsvg%3E\" data-srcset=\"https:\/\/www.bitoviaggi.com\/wp-content\/uploads\/2023\/03\/image1-200x133.jpg 200w, https:\/\/www.bitoviaggi.com\/wp-content\/uploads\/2023\/03\/image1-400x267.jpg 400w, https:\/\/www.bitoviaggi.com\/wp-content\/uploads\/2023\/03\/image1-600x400.jpg 600w, https:\/\/www.bitoviaggi.com\/wp-content\/uploads\/2023\/03\/image1-800x534.jpg 800w, https:\/\/www.bitoviaggi.com\/wp-content\/uploads\/2023\/03\/image1.jpg 850w\" data-sizes=\"auto\" data-orig-sizes=\"(max-width: 800px) 100vw, 600px\" \/><\/span><\/div><\/div><\/div><\/div><\/div><\/div><div class=\"fusion-layout-column fusion_builder_column fusion-builder-column-4 fusion_builder_column_1_1 1_1 fusion-flex-column\" style=\"--awb-padding-top:20px;--awb-padding-right:40px;--awb-padding-left:40px;--awb-overflow:hidden;--awb-bg-color:var(--awb-color1);--awb-bg-size:cover;--awb-box-shadow:0px 4px 5px 0px hsla(var(--awb-color8-h),var(--awb-color8-s),var(--awb-color8-l),calc(var(--awb-color8-a) - 90%));;--awb-border-radius:16px 16px 16px 16px;--awb-width-large:100%;--awb-spacing-right-large:1.92%;--awb-spacing-left-large:1.92%;--awb-width-medium:100%;--awb-order-medium:0;--awb-spacing-right-medium:1.92%;--awb-spacing-left-medium:1.92%;--awb-width-small:100%;--awb-order-small:0;--awb-spacing-right-small:1.92%;--awb-spacing-left-small:1.92%;\"><div class=\"fusion-column-wrapper fusion-column-has-shadow fusion-flex-justify-content-flex-start fusion-content-layout-column\"><div class=\"fusion-title title fusion-title-5 fusion-sep-none fusion-title-text fusion-title-size-four\" style=\"--awb-text-color:#94c968;\"><h4 class=\"title-heading-left\" style=\"margin:0;\"><span style=\"font-weight: 400;\">Jour 4 : Fin des services et retour<\/span><\/h4><\/div><div class=\"fusion-separator fusion-full-width-sep\" style=\"align-self: center;margin-left: auto;margin-right: auto;margin-bottom:16px;width:100%;\"><div class=\"fusion-separator-border sep-double sep-dashed\" style=\"border-color:var(--awb-custom_color_3);border-top-width:1px;border-bottom-width:1px;\"><\/div><\/div><div class=\"fusion-builder-row fusion-builder-row-inner fusion-row fusion-flex-align-items-flex-start fusion-flex-justify-content-center\" style=\"width:104% !important;max-width:104% !important;margin-left: calc(-4% \/ 2 );margin-right: calc(-4% \/ 2 );\"><div class=\"fusion-layout-column fusion_builder_column_inner fusion-builder-nested-column-5 fusion_builder_column_inner_2_3 2_3 fusion-flex-column fusion-flex-align-self-center\" style=\"--awb-bg-size:cover;--awb-width-large:66.666666666667%;--awb-spacing-right-large:2.88%;--awb-spacing-left-large:2.88%;--awb-width-medium:66.666666666667%;--awb-order-medium:0;--awb-spacing-right-medium:2.88%;--awb-spacing-left-medium:2.88%;--awb-width-small:100%;--awb-order-small:0;--awb-spacing-right-small:1.92%;--awb-spacing-left-small:1.92%;\"><div class=\"fusion-column-wrapper fusion-column-has-shadow fusion-flex-justify-content-flex-start fusion-content-layout-column\"><div class=\"fusion-text fusion-text-4\"><p><span style=\"font-weight: 400;\">Petit-d\u00e9jeuner \u00e0 l&rsquo;h\u00f4tel. Check-out et fin des services.<\/span><\/p>\n<\/div><\/div><\/div><div class=\"fusion-layout-column fusion_builder_column_inner fusion-builder-nested-column-6 fusion_builder_column_inner_1_3 1_3 fusion-flex-column fusion-flex-align-self-center\" style=\"--awb-overflow:hidden;--awb-bg-size:cover;--awb-border-radius:8px 8px 8px 8px;--awb-width-large:33.333333333333%;--awb-spacing-right-large:5.76%;--awb-spacing-left-large:5.76%;--awb-width-medium:33.333333333333%;--awb-order-medium:0;--awb-spacing-right-medium:5.76%;--awb-spacing-left-medium:5.76%;--awb-width-small:100%;--awb-order-small:0;--awb-spacing-right-small:1.92%;--awb-spacing-left-small:1.92%;\"><div class=\"fusion-column-wrapper fusion-column-has-shadow fusion-flex-justify-content-flex-start fusion-content-layout-column\"><\/div><\/div><\/div><\/div><\/div><\/div><\/div>\n","protected":false},"excerpt":{"rendered":"<p>Petit d\u00e9jeuner \u00e0 l&rsquo;h\u00f4tel, rencontre avec le guide. Matin\u00e9e consacr\u00e9e \u00e0 la visite de la vieille ville de Sanremo : La Pigna<\/p>\n","protected":false},"featured_media":3193,"comment_status":"open","ping_status":"closed","template":"","meta":[],"product_cat":[31],"product_tag":[134],"_links":{"self":[{"href":"https:\/\/www.bitoviaggi.com\/fr\/wp-json\/wp\/v2\/product\/3062"}],"collection":[{"href":"https:\/\/www.bitoviaggi.com\/fr\/wp-json\/wp\/v2\/product"}],"about":[{"href":"https:\/\/www.bitoviaggi.com\/fr\/wp-json\/wp\/v2\/types\/product"}],"replies":[{"embeddable":true,"href":"https:\/\/www.bitoviaggi.com\/fr\/wp-json\/wp\/v2\/comments?post=3062"}],"wp:featuredmedia":[{"embeddable":true,"href":"https:\/\/www.bitoviaggi.com\/fr\/wp-json\/wp\/v2\/media\/3193"}],"wp:attachment":[{"href":"https:\/\/www.bitoviaggi.com\/fr\/wp-json\/wp\/v2\/media?parent=3062"}],"wp:term":[{"taxonomy":"product_cat","embeddable":true,"href":"https:\/\/www.bitoviaggi.com\/fr\/wp-json\/wp\/v2\/product_cat?post=3062"},{"taxonomy":"product_tag","embeddable":true,"href":"https:\/\/www.bitoviaggi.com\/fr\/wp-json\/wp\/v2\/product_tag?post=3062"}],"curies":[{"name":"wp","href":"https:\/\/api.w.org\/{rel}","templated":true}]}}